{"id":5451,"date":"2025-02-24T16:02:32","date_gmt":"2025-02-24T15:02:32","guid":{"rendered":"https:\/\/researchdata.ruhr-uni-bochum.de\/?page_id=5451"},"modified":"2025-10-10T09:31:49","modified_gmt":"2025-10-10T07:31:49","slug":"fdm-curriculum","status":"publish","type":"page","link":"https:\/\/researchdata.ruhr-uni-bochum.de\/en\/fdm-curriculum\/","title":{"rendered":"RDM Curriculum"},"content":{"rendered":"<div data-colibri-id=\"5451-c1\" class=\"style-5341 style-local-5451-c1 position-relative\">\r\n  <!---->\r\n  <div data-colibri-component=\"section\" data-colibri-id=\"5451-c2\" id=\"curriculum\" class=\"h-section h-section-global-spacing d-flex align-items-lg-center align-items-md-center align-items-center style-5434 style-local-5451-c2 position-relative\">\r\n    <!---->\r\n    <!---->\r\n    <div class=\"h-section-grid-container h-section-boxed-container\">\r\n      <!---->\r\n      <div data-colibri-id=\"5451-c3\" class=\"h-row-container gutters-row-lg-2 gutters-row-md-2 gutters-row-0 gutters-row-v-lg-2 gutters-row-v-md-2 gutters-row-v-2 style-5435 style-local-5451-c3 position-relative\">\r\n        <!---->\r\n        <div class=\"h-row justify-content-lg-center justify-content-md-center justify-content-center align-items-lg-stretch align-items-md-stretch align-items-stretch gutters-col-lg-2 gutters-col-md-2 gutters-col-0 gutters-col-v-lg-2 gutters-col-v-md-2 gutters-col-v-2\">\r\n          <!---->\r\n          <div class=\"h-column h-column-container d-flex h-col-lg-auto h-col-md-auto h-col-auto style-5436-outer style-local-5451-c4-outer\">\r\n            <div data-colibri-id=\"5451-c4\" class=\"d-flex h-flex-basis h-column__inner h-px-lg-2 h-px-md-2 h-px-2 v-inner-lg-2 v-inner-md-2 v-inner-2 style-5436 style-local-5451-c4 position-relative\">\r\n              <!---->\r\n              <!---->\r\n              <div class=\"w-100 h-y-container h-column__content h-column__v-align flex-basis-100 align-self-lg-start align-self-md-start align-self-start\">\r\n                <!---->\r\n                <div data-colibri-id=\"5451-c5\" class=\"h-global-transition-all h-heading style-5437 style-local-5451-c5 position-relative h-element\">\r\n                  <!---->\r\n                  <div class=\"h-heading__outer style-5437 style-local-5451-c5\">\r\n                    <!---->\r\n                    <!---->\r\n                    <h1 class=\"\">RDM Curriculum of the UA Ruhr<\/h1>\r\n                  <\/div>\r\n                <\/div>\r\n              <\/div>\r\n            <\/div>\r\n          <\/div>\r\n        <\/div>\r\n      <\/div>\r\n      <div data-colibri-id=\"5451-c6\" class=\"h-row-container gutters-row-lg-2 gutters-row-md-2 gutters-row-0 gutters-row-v-lg-2 gutters-row-v-md-2 gutters-row-v-2 style-5438 style-local-5451-c6 position-relative\">\r\n        <!---->\r\n        <div class=\"h-row justify-content-lg-center justify-content-md-center justify-content-center align-items-lg-stretch align-items-md-stretch align-items-stretch gutters-col-lg-2 gutters-col-md-2 gutters-col-0 gutters-col-v-lg-2 gutters-col-v-md-2 gutters-col-v-2\">\r\n          <!---->\r\n          <div class=\"h-column h-column-container d-flex h-col-lg-auto h-col-md-auto h-col-auto style-5439-outer style-local-5451-c7-outer\">\r\n            <div data-colibri-id=\"5451-c7\" class=\"d-flex h-flex-basis h-column__inner h-px-lg-2 h-px-md-2 h-px-2 v-inner-lg-2 v-inner-md-2 v-inner-2 style-5439 style-local-5451-c7 position-relative\">\r\n              <!---->\r\n              <!---->\r\n              <div class=\"w-100 h-y-container h-column__content h-column__v-align flex-basis-100 align-self-lg-start align-self-md-start align-self-start\">\r\n                <!---->\r\n                <div data-colibri-id=\"5451-c8\" class=\"h-text h-text-component style-5440 style-local-5451-c8 position-relative h-element\">\r\n                  <!---->\r\n                  <!---->\r\n                  <div class=\"\">\r\n                    <p>The research data management curriculum of the University Alliance Ruhr offers regular&nbsp;<span style=\"font-weight: 600;\">basic training courses<\/span>&nbsp;on research data management.  These are designed to give participants an overview\n                      of the various aspects of research data management with a focus on practical application in everyday research.<\/p>\r\n                    <p class=\"translation-block\"><span style=\"font-weight: 600\">Advanced training courses\u00a0<\/span><span style=\"font-weight: 400\"><\/span> are also offered for the various aspects of research data management - immersing in the depths of a topic.                      Depending on the topic, the training courses are combined with a hands-on workshop on the use of a specific tool.<\/p>\r\n                    <p>As a member of the RUB or the UA Ruhr, you can participate in all programmes as long as no other specification is given in the event description.<\/p>\r\n                    <p class=\"translation-block\">You will automatically receive a  <span style=\"font-weight: 600\">certificate of attendance<\/span> after participating in a training course. Please store these safely, as we no longer store the names of the participants once the certificates have been sent out and cannot issue a new certificate if needed. If you have taken part in a basic training course and two events from the in-depth module, you can send us these three certificates of attendance to receive the <span style=\"font-weight: 600\">RDM badge<\/span>.<\/p>\r\n                    <p>If you have any further questions about the RDM curriculum, please contact us at any time: researchdata@rub.de&nbsp;<\/p>\r\n                    <p>\r\n                      <a href=\"#Basics\" style=\"font-weight: 700;\"><strong>basic training courses<\/strong><\/a><strong style=\"font-weight: 700;\"> \u2013 event dates and registration&nbsp;<\/strong><\/p>\r\n                    <p>\r\n                      <a href=\"#Advanced\" style=\"font-weight: 700;\"><strong>advanced training courses<\/strong><\/a><strong style=\"font-weight: 700;\"> \u2013 event dates and registration&nbsp;<\/strong><\/p>\r\n                    <p><span style=\"font-weight: 400;\"><\/span><strong style=\"font-weight: 700; color: rgb(0, 53, 96); font-family: &quot;Open Sans&quot;; font-size: 20px;\">The dates are updated regularly at the end of February\/beginning of March and at the end of August\/beginning of September for the following term.&nbsp;<\/strong><\/p>\r\n                    <p>To make registration easy for you, we use registration forms provided by the service provider eveeno\u00ae. eveeno\u00ae complies with the European General Data Protection Regulation (GDPR). See our\r\n                      <a href=\"https:\/\/www.ub.ruhr-uni-bochum.de\/en\/privacy-policy#accordion-room-booking\"\r\n                        target=\"_blank\">privacy policy<\/a>\r\n                    <\/p>\r\n                  <\/div>\r\n                <\/div>\r\n              <\/div>\r\n            <\/div>\r\n          <\/div>\r\n        <\/div>\r\n      <\/div>\r\n    <\/div>\r\n  <\/div>\r\n  <div data-colibri-component=\"section\" data-colibri-id=\"5451-c9\" id=\"basics\" class=\"h-section h-section-global-spacing d-flex align-items-lg-center align-items-md-center align-items-center style-5461 style-local-5451-c9 position-relative\">\r\n    <!---->\r\n    <!---->\r\n    <div class=\"h-section-grid-container h-section-boxed-container\">\r\n      <!---->\r\n      <div data-colibri-id=\"5451-c10\" class=\"h-row-container gutters-row-lg-2 gutters-row-md-2 gutters-row-0 gutters-row-v-lg-2 gutters-row-v-md-2 gutters-row-v-2 style-5454 style-local-5451-c10 position-relative\">\r\n        <!---->\r\n        <div class=\"h-row justify-content-lg-center justify-content-md-center justify-content-center align-items-lg-stretch align-items-md-stretch align-items-stretch gutters-col-lg-2 gutters-col-md-2 gutters-col-0 gutters-col-v-lg-2 gutters-col-v-md-2 gutters-col-v-2\">\r\n          <!---->\r\n          <div class=\"h-column h-column-container d-flex h-col-lg-auto h-col-md-auto h-col-auto style-5436-outer style-local-5451-c11-outer\">\r\n            <div data-colibri-id=\"5451-c11\" class=\"d-flex h-flex-basis h-column__inner h-px-lg-2 h-px-md-2 h-px-2 v-inner-lg-2 v-inner-md-2 v-inner-2 style-5436 style-local-5451-c11 position-relative\">\r\n              <!---->\r\n              <!---->\r\n              <div class=\"w-100 h-y-container h-column__content h-column__v-align flex-basis-100 align-self-lg-start align-self-md-start align-self-start\">\r\n                <!---->\r\n                <div data-colibri-id=\"5451-c12\" class=\"h-global-transition-all h-heading style-5462 style-local-5451-c12 position-relative h-element\">\r\n                  <!---->\r\n                  <div class=\"h-heading__outer style-5462 style-local-5451-c12\">\r\n                    <!---->\r\n                    <!---->\r\n                    <h2 class=\"\">Basic training courses<\/h2>\r\n                  <\/div>\r\n                <\/div>\r\n              <\/div>\r\n            <\/div>\r\n          <\/div>\r\n        <\/div>\r\n      <\/div>\r\n      <div data-colibri-id=\"5451-c13\" class=\"h-row-container gutters-row-lg-2 gutters-row-md-2 gutters-row-0 gutters-row-v-lg-2 gutters-row-v-md-2 gutters-row-v-2 style-5438 style-local-5451-c13 position-relative\">\r\n        <!---->\r\n        <div class=\"h-row justify-content-lg-center justify-content-md-center justify-content-center align-items-lg-stretch align-items-md-stretch align-items-stretch gutters-col-lg-2 gutters-col-md-2 gutters-col-0 gutters-col-v-lg-2 gutters-col-v-md-2 gutters-col-v-2\">\r\n          <!---->\r\n          <div class=\"h-column h-column-container d-flex h-col-lg-auto h-col-md-auto h-col-auto style-5439-outer style-local-5451-c14-outer\">\r\n            <div data-colibri-id=\"5451-c14\" class=\"d-flex h-flex-basis h-column__inner h-px-lg-2 h-px-md-2 h-px-2 v-inner-lg-2 v-inner-md-2 v-inner-2 style-5439 style-local-5451-c14 position-relative\">\r\n              <!---->\r\n              <!---->\r\n              <div class=\"w-100 h-y-container h-column__content h-column__v-align flex-basis-100 align-self-lg-start align-self-md-start align-self-start\">\r\n                <!---->\r\n                <div data-colibri-id=\"5451-c15\" class=\"h-text h-text-component style-5440 style-local-5451-c15 position-relative h-element\">\r\n                  <!---->\r\n                  <!---->\r\n                  <div class=\"\">\r\n                    <p class=\"translation-block\">In our <strong>basic training courses<\/strong>, you will learn what a data management plan (DMP) can do for your project work, which information you record in a DMP, and which tools you can use for this. In addition, you will get practical tips on metadata, on how to organize and store your data, and on the possibilities of data publication.<\/p>\r\n                    <ul>\r\n                      <li class=\"translation-block\"><strong>Duration:\u00a0<\/strong>7 h<\/li>\r\n                      <li class=\"translation-block\"><strong>Location:<\/strong>\u00a0in person at the RUB or the UDE, as well as online<\/li>\r\n                      <li class=\"translation-block\"><strong>Target group:<\/strong>\u00a0PhD students, PostDocs, and all interested persons<\/li>\r\n                      <li class=\"translation-block\"><strong>Language:<\/strong>\u00a0English\u00a0\/ German\u00a0<\/li>\r\n                      <li class=\"translation-block\"><strong>Number of participants:<\/strong>\u00a0min. 10, max. 20<\/li>\r\n                    <\/ul>\r\n                    <p>We offer the basic training courses cross-disciplinary or with subject-related focus. The subject recommendation and focus are intended to serve as a guide for your choice of event. The event is freely selectable. See which focus fits your subject or your research!<\/p>\r\n                  <\/div>\r\n                <\/div>\r\n              <\/div>\r\n            <\/div>\r\n          <\/div>\r\n        <\/div>\r\n      <\/div>\r\n      <div data-colibri-id=\"5451-c16\" class=\"h-row-container gutters-row-lg-2 gutters-row-md-2 gutters-row-0 gutters-row-v-lg-2 gutters-row-v-md-2 gutters-row-v-2 style-5471 style-local-5451-c16 position-relative\">\r\n        <!---->\r\n        <div class=\"h-row justify-content-lg-center justify-content-md-center justify-content-center align-items-lg-stretch align-items-md-stretch align-items-stretch gutters-col-lg-2 gutters-col-md-2 gutters-col-0 gutters-col-v-lg-2 gutters-col-v-md-2 gutters-col-v-2\">\r\n          <!---->\r\n          <div class=\"h-column h-column-container d-flex h-col-lg-auto h-col-md-auto h-col-auto style-5472-outer style-local-5451-c17-outer\">\r\n            <div data-colibri-id=\"5451-c17\" class=\"d-flex h-flex-basis h-column__inner h-px-lg-2 h-px-md-2 h-px-2 v-inner-lg-2 v-inner-md-2 v-inner-2 style-5472 style-local-5451-c17 position-relative\">\r\n              <!---->\r\n              <!---->\r\n              <div class=\"w-100 h-y-container h-column__content h-column__v-align flex-basis-100 align-self-lg-start align-self-md-start align-self-start\">\r\n                <!---->\r\n                <div data-colibri-id=\"5451-c18\" class=\"h-global-transition-all h-heading style-5473 style-local-5451-c18 position-relative h-element\">\r\n                  <!---->\r\n                  <div class=\"h-heading__outer style-5473 style-local-5451-c18\">\r\n                    <!---->\r\n                    <!---->\r\n                    <h3 class=\"\">Event dates and registration<\/h3>\r\n                  <\/div>\r\n                <\/div>\r\n              <\/div>\r\n            <\/div>\r\n          <\/div>\r\n        <\/div>\r\n      <\/div>\r\n      <div data-colibri-id=\"5451-c19\" class=\"h-row-container gutters-row-lg-2 gutters-row-md-2 gutters-row-0 gutters-row-v-lg-2 gutters-row-v-md-2 gutters-row-v-2 style-5458 style-local-5451-c19 position-relative\">\r\n        <!---->\r\n        <div class=\"h-row justify-content-lg-center justify-content-md-center justify-content-center align-items-lg-stretch align-items-md-stretch align-items-stretch gutters-col-lg-2 gutters-col-md-2 gutters-col-0 gutters-col-v-lg-2 gutters-col-v-md-2 gutters-col-v-2\">\r\n          <!---->\r\n          <div class=\"h-column h-column-container d-flex h-col-lg-12 h-col-md-12 h-col-12 style-5464-outer style-local-5451-c20-outer\">\r\n            <div data-colibri-id=\"5451-c20\" class=\"d-flex h-flex-basis h-column__inner h-px-lg-2 h-px-md-2 h-px-2 v-inner-lg-2 v-inner-md-2 v-inner-2 style-5464 style-local-5451-c20 position-relative\">\r\n              <!---->\r\n              <!---->\r\n              <div class=\"w-100 h-y-container h-column__content h-column__v-align flex-basis-100 align-self-lg-start align-self-md-start align-self-start\">\r\n                <!---->\r\n                <div data-colibri-component=\"widget-area\" data-colibri-id=\"5451-c21\" class=\"h-widget-area style-5466 style-local-5451-c21 position-relative h-element\">\r\n                  <!---->\r\n                  <div class=\"widget-shortcode h-global-transition-all\"><div id=\"block-6\" class=\"widget widget_block\"><div class=\"wp-widget-group__inner-blocks\"><h2 id=\"Basics\"><\/h2>\n<div class=\"eveenoWidget\" data-type=\"calendar\" data-user=\"33214\" data-style=\"grid\" data-term=\"Basics\" data-notterm=\"Template\"><\/div>\n<p><script src=\"https:\/\/eveeno.com\/widgets\/embed.js\"><\/script><\/p>\n<\/div><\/div><\/div>\r\n                <\/div>\r\n              <\/div>\r\n            <\/div>\r\n          <\/div>\r\n        <\/div>\r\n      <\/div>\r\n    <\/div>\r\n  <\/div>\r\n  <div data-colibri-component=\"section\" data-colibri-id=\"5451-c22\" id=\"advanced\" class=\"h-section h-section-global-spacing d-flex align-items-lg-center align-items-md-center align-items-center style-5463 style-local-5451-c22 position-relative\">\r\n    <!---->\r\n    <!---->\r\n    <div class=\"h-section-grid-container h-section-boxed-container\">\r\n      <!---->\r\n      <div data-colibri-id=\"5451-c23\" class=\"h-row-container gutters-row-lg-2 gutters-row-md-2 gutters-row-0 gutters-row-v-lg-2 gutters-row-v-md-2 gutters-row-v-2 style-5454 style-local-5451-c23 position-relative\">\r\n        <!---->\r\n        <div class=\"h-row justify-content-lg-center justify-content-md-center justify-content-center align-items-lg-stretch align-items-md-stretch align-items-stretch gutters-col-lg-2 gutters-col-md-2 gutters-col-0 gutters-col-v-lg-2 gutters-col-v-md-2 gutters-col-v-2\">\r\n          <!---->\r\n          <div class=\"h-column h-column-container d-flex h-col-lg-auto h-col-md-auto h-col-auto style-5436-outer style-local-5451-c24-outer\">\r\n            <div data-colibri-id=\"5451-c24\" class=\"d-flex h-flex-basis h-column__inner h-px-lg-2 h-px-md-2 h-px-2 v-inner-lg-2 v-inner-md-2 v-inner-2 style-5436 style-local-5451-c24 position-relative\">\r\n              <!---->\r\n              <!---->\r\n              <div class=\"w-100 h-y-container h-column__content h-column__v-align flex-basis-100 align-self-lg-start align-self-md-start align-self-start\">\r\n                <!---->\r\n                <div data-colibri-id=\"5451-c25\" class=\"h-global-transition-all h-heading style-5462 style-local-5451-c25 position-relative h-element\">\r\n                  <!---->\r\n                  <div class=\"h-heading__outer style-5462 style-local-5451-c25\">\r\n                    <!---->\r\n                    <!---->\r\n                    <h2 class=\"\">Advanced training courses<\/h2>\r\n                  <\/div>\r\n                <\/div>\r\n              <\/div>\r\n            <\/div>\r\n          <\/div>\r\n        <\/div>\r\n      <\/div>\r\n      <div data-colibri-id=\"5451-c26\" class=\"h-row-container gutters-row-lg-2 gutters-row-md-2 gutters-row-0 gutters-row-v-lg-2 gutters-row-v-md-2 gutters-row-v-2 style-5438 style-local-5451-c26 position-relative\">\r\n        <!---->\r\n        <div class=\"h-row justify-content-lg-center justify-content-md-center justify-content-center align-items-lg-stretch align-items-md-stretch align-items-stretch gutters-col-lg-2 gutters-col-md-2 gutters-col-0 gutters-col-v-lg-2 gutters-col-v-md-2 gutters-col-v-2\">\r\n          <!---->\r\n          <div class=\"h-column h-column-container d-flex h-col-lg-auto h-col-md-auto h-col-auto style-5439-outer style-local-5451-c27-outer\">\r\n            <div data-colibri-id=\"5451-c27\" class=\"d-flex h-flex-basis h-column__inner h-px-lg-2 h-px-md-2 h-px-2 v-inner-lg-2 v-inner-md-2 v-inner-2 style-5439 style-local-5451-c27 position-relative\">\r\n              <!---->\r\n              <!---->\r\n              <div class=\"w-100 h-y-container h-column__content h-column__v-align flex-basis-100 align-self-lg-start align-self-md-start align-self-start\">\r\n                <!---->\r\n                <div data-colibri-id=\"5451-c28\" class=\"h-text h-text-component style-5440 style-local-5451-c28 position-relative h-element\">\r\n                  <!---->\r\n                  <!---->\r\n                  <div class=\"\">\r\n                    <p><span style=\"color: rgb(0, 53, 96); font-family: &quot;Open Sans&quot;; font-size: 20px; font-weight: 400;\">In our advanced training courses, you will learn about special topics of RDM and how to use (specialized) tools. The events are usually offered online.<\/span><\/p>\r\n                    <ul>\r\n                      <li class=\"translation-block\"><strong>Duration: <\/strong><strong style=\"font-weight: 400\">ca. 2 h<\/strong><\/li>\r\n                      <li class=\"translation-block\"><strong>Location:<\/strong>\u00a0online (prerequisite: camera and microphone)<\/li>\r\n                      <li class=\"translation-block\"><strong>Target group:<\/strong>\u00a0PhD students, PostDocs, and all interested persons<\/li>\r\n                      <li class=\"translation-block\"><strong>Language:<\/strong>\u00a0English\u00a0\/ German\u00a0<\/li>\r\n                      <li class=\"translation-block\"><strong>Number of participants:<\/strong>\u00a0min. 10, max. 20<\/li>\r\n                      <li><strong style=\"font-weight: 700;\">Themen:<\/strong><\/li>\r\n                      <li class=\"ql-indent-1\">\r\n                        <u>Hands-On for Tools:<\/u> ReSeeD, Coscine, GitLab, R Notebooks, Python, eLabFTW, RDMO<\/li>\r\n                      <li class=\"ql-indent-1\">\r\n                        <u>Thematic aspects:<\/u> Datenmanagementpl\u00e4ne, Data reuse &amp; reusable data, Forschungsdaten beschreiben und dokumentieren, From Zero to Open Science Hero, Nachnutzung urheberrechtlich gesch\u00fctzter Forschungsdaten, Open Science\r\n                        Framework, Qualitative Daten FAIR gestalten, Umgang mit sensiblen Daten<\/li>\r\n                      <li><strong style=\"font-weight: 700;\">Dates:<\/strong> Regular updates \u2013 the dates for the next term are posted online at the end of February\/beginning of March and at the end of August\/beginning of September for the following term.&nbsp;<\/li>\r\n                    <\/ul>\r\n                    <p>\r\n                      <br>\r\n                    <\/p>\r\n                  <\/div>\r\n                <\/div>\r\n              <\/div>\r\n            <\/div>\r\n          <\/div>\r\n        <\/div>\r\n      <\/div>\r\n      <div data-colibri-id=\"5451-c29\" class=\"h-row-container gutters-row-lg-2 gutters-row-md-2 gutters-row-0 gutters-row-v-lg-2 gutters-row-v-md-2 gutters-row-v-2 style-5474 style-local-5451-c29 position-relative\">\r\n        <!---->\r\n        <div class=\"h-row justify-content-lg-center justify-content-md-center justify-content-center align-items-lg-stretch align-items-md-stretch align-items-stretch gutters-col-lg-2 gutters-col-md-2 gutters-col-0 gutters-col-v-lg-2 gutters-col-v-md-2 gutters-col-v-2\">\r\n          <!---->\r\n          <div class=\"h-column h-column-container d-flex h-col-lg-auto h-col-md-auto h-col-auto style-5475-outer style-local-5451-c30-outer\">\r\n            <div data-colibri-id=\"5451-c30\" class=\"d-flex h-flex-basis h-column__inner h-px-lg-2 h-px-md-2 h-px-2 v-inner-lg-2 v-inner-md-2 v-inner-2 style-5475 style-local-5451-c30 position-relative\">\r\n              <!---->\r\n              <!---->\r\n              <div class=\"w-100 h-y-container h-column__content h-column__v-align flex-basis-100 align-self-lg-start align-self-md-start align-self-start\">\r\n                <!---->\r\n                <div data-colibri-id=\"5451-c31\" class=\"h-global-transition-all h-heading style-5476 style-local-5451-c31 position-relative h-element\">\r\n                  <!---->\r\n                  <div class=\"h-heading__outer style-5476 style-local-5451-c31\">\r\n                    <!---->\r\n                    <!---->\r\n                    <h3 class=\"\">Event dates and registration<\/h3>\r\n                  <\/div>\r\n                <\/div>\r\n              <\/div>\r\n            <\/div>\r\n          <\/div>\r\n        <\/div>\r\n      <\/div>\r\n      <div data-colibri-id=\"5451-c32\" class=\"h-row-container gutters-row-lg-2 gutters-row-md-2 gutters-row-0 gutters-row-v-lg-2 gutters-row-v-md-2 gutters-row-v-2 style-5458 style-local-5451-c32 position-relative\">\r\n        <!---->\r\n        <div class=\"h-row justify-content-lg-center justify-content-md-center justify-content-center align-items-lg-stretch align-items-md-stretch align-items-stretch gutters-col-lg-2 gutters-col-md-2 gutters-col-0 gutters-col-v-lg-2 gutters-col-v-md-2 gutters-col-v-2\">\r\n          <!---->\r\n          <div class=\"h-column h-column-container d-flex h-col-lg-12 h-col-md-12 h-col-12 style-5459-outer style-local-5451-c33-outer\">\r\n            <div data-colibri-id=\"5451-c33\" class=\"d-flex h-flex-basis h-column__inner h-px-lg-2 h-px-md-2 h-px-2 v-inner-lg-2 v-inner-md-2 v-inner-2 style-5459 style-local-5451-c33 position-relative\">\r\n              <!---->\r\n              <!---->\r\n              <div class=\"w-100 h-y-container h-column__content h-column__v-align flex-basis-100 align-self-lg-start align-self-md-start align-self-start\">\r\n                <!---->\r\n                <div data-colibri-component=\"widget-area\" data-colibri-id=\"5451-c34\" class=\"h-widget-area style-5460 style-local-5451-c34 position-relative h-element\">\r\n                  <!---->\r\n                  <div class=\"widget-shortcode h-global-transition-all\"><div id=\"block-21\" class=\"widget widget_block\"><h2 id=\"Advanced\"><\/h2>\n<div class=\"eveenoWidget\" data-type=\"calendar\" data-user=\"33214\" data-style=\"grid\" data-term=\"Vertiefungsmodul\" data-notterm=\"Template\"><\/div>\n<p><script src=\"https:\/\/eveeno.com\/widgets\/embed.js\"><\/script><\/p>\n<\/div><\/div>\r\n                <\/div>\r\n              <\/div>\r\n            <\/div>\r\n          <\/div>\r\n        <\/div>\r\n      <\/div>\r\n    <\/div>\r\n  <\/div>\r\n<\/div>","protected":false},"excerpt":{"rendered":"<p>FDM-Curriculum der UA Ruhr Das Forschungsdatenmanagement-Curriculum der Universit\u00e4tsallianz Ruhr bietet regelm\u00e4\u00dfige&nbsp;Grundlagenschulungen&nbsp;zum Forschungsdatenmanagement an. Diese sollen den Teilnehmenden einen \u00dcberblick \u00fcber die verschiedenen Aspekte des Forschungsdatenmanagements mit Fokus auf der praktischen Anwendung im Forschungsalltag bieten. F\u00fcr die verschiedenen Aspekte des Forschungsdatenmanagements werden zudem&nbsp;Vertiefungsschulungen&nbsp;angeboten, die in die Tiefe eines Themas eintauchen. Je nach Thema sind die Schulungen [&hellip;]<\/p>\n","protected":false},"author":9,"featured_media":6439,"parent":0,"menu_order":0,"comment_status":"closed","ping_status":"closed","template":"page-templates\/full-width-page.php","meta":{"footnotes":""},"class_list":["post-5451","page","type-page","status-publish","has-post-thumbnail","hentry"],"_links":{"self":[{"href":"https:\/\/researchdata.ruhr-uni-bochum.de\/en\/wp-json\/wp\/v2\/pages\/5451","targetHints":{"allow":["GET"]}}],"collection":[{"href":"https:\/\/researchdata.ruhr-uni-bochum.de\/en\/wp-json\/wp\/v2\/pages"}],"about":[{"href":"https:\/\/researchdata.ruhr-uni-bochum.de\/en\/wp-json\/wp\/v2\/types\/page"}],"author":[{"embeddable":true,"href":"https:\/\/researchdata.ruhr-uni-bochum.de\/en\/wp-json\/wp\/v2\/users\/9"}],"replies":[{"embeddable":true,"href":"https:\/\/researchdata.ruhr-uni-bochum.de\/en\/wp-json\/wp\/v2\/comments?post=5451"}],"version-history":[{"count":19,"href":"https:\/\/researchdata.ruhr-uni-bochum.de\/en\/wp-json\/wp\/v2\/pages\/5451\/revisions"}],"predecessor-version":[{"id":6223,"href":"https:\/\/researchdata.ruhr-uni-bochum.de\/en\/wp-json\/wp\/v2\/pages\/5451\/revisions\/6223"}],"wp:featuredmedia":[{"embeddable":true,"href":"https:\/\/researchdata.ruhr-uni-bochum.de\/en\/wp-json\/wp\/v2\/media\/6439"}],"wp:attachment":[{"href":"https:\/\/researchdata.ruhr-uni-bochum.de\/en\/wp-json\/wp\/v2\/media?parent=5451"}],"curies":[{"name":"wp","href":"https:\/\/api.w.org\/{rel}","templated":true}]}}