{"id":619,"date":"2024-02-20T17:25:59","date_gmt":"2024-02-20T16:25:59","guid":{"rendered":"https:\/\/datarepository.ruhr-uni-bochum.de\/?page_id=619"},"modified":"2026-01-19T15:26:23","modified_gmt":"2026-01-19T14:26:23","slug":"projekte-und-antraege","status":"publish","type":"page","link":"https:\/\/researchdata.ruhr-uni-bochum.de\/en\/projekte-und-antraege\/","title":{"rendered":"Projects &amp; Proposals"},"content":{"rendered":"<div data-colibri-id=\"619-c1\" class=\"style-1787 style-local-619-c1 position-relative\">\n  <!---->\n  <div data-colibri-component=\"section\" data-colibri-id=\"619-c2\" id=\"reusable-sections\" class=\"h-section h-section-global-spacing d-flex align-items-lg-center align-items-md-center align-items-center style-3878 style-local-619-c2 position-relative\">\n    <!---->\n    <!---->\n    <div class=\"h-section-grid-container h-section-fluid-container\">\n      <!---->\n      <div data-colibri-id=\"619-c3\" class=\"h-row-container gutters-row-lg-0 gutters-row-md-0 gutters-row-0 gutters-row-v-lg-0 gutters-row-v-md-0 gutters-row-v-0 style-3879 style-local-619-c3 position-relative\">\n        <!---->\n        <div class=\"h-row justify-content-lg-end justify-content-md-end justify-content-end align-items-lg-stretch align-items-md-stretch align-items-stretch gutters-col-lg-0 gutters-col-md-0 gutters-col-0 gutters-col-v-lg-0 gutters-col-v-md-0 gutters-col-v-0\">\n          <!---->\n          <div class=\"h-column h-column-container d-flex h-col-lg-auto h-col-md-auto h-col-auto style-3880-outer style-local-619-c4-outer\">\n            <div data-colibri-id=\"619-c4\" class=\"d-flex h-flex-basis h-column__inner h-px-lg-0 h-px-md-0 h-px-0 v-inner-lg-0 v-inner-md-0 v-inner-0 style-3880 style-local-619-c4 position-relative\">\n              <!---->\n              <!---->\n              <div class=\"w-100 h-y-container h-column__content h-column__v-align flex-basis-100 align-self-lg-start align-self-md-start align-self-start\">\n                <!---->\n                <div data-colibri-id=\"619-c5\" class=\"style-3881 style-local-619-c5 position-relative h-element\">\n                  <!---->\n                  <div class=\"h-global-transition-all\">\u00a9 Prathankarnpap\/stock.adobe.com<\/div>\n                <\/div>\n              <\/div>\n            <\/div>\n          <\/div>\n        <\/div>\n      <\/div>\n    <\/div>\n  <\/div>\n  <div data-colibri-component=\"section\" data-colibri-id=\"619-c10\" id=\"features-2\" class=\"h-section h-section-global-spacing d-flex align-items-lg-center align-items-md-center align-items-center style-1802 style-local-619-c10 position-relative\">\n    <!---->\n    <!---->\n    <div class=\"h-section-grid-container h-section-boxed-container\">\n      <!---->\n      <div data-colibri-id=\"619-c11\" class=\"h-row-container gutters-row-lg-2 gutters-row-md-2 gutters-row-0 gutters-row-v-lg-2 gutters-row-v-md-2 gutters-row-v-2 style-1856 style-local-619-c11 position-relative\">\n        <!---->\n        <div class=\"h-row justify-content-lg-center justify-content-md-center justify-content-center align-items-lg-stretch align-items-md-stretch align-items-stretch gutters-col-lg-2 gutters-col-md-2 gutters-col-0 gutters-col-v-lg-2 gutters-col-v-md-2 gutters-col-v-2\">\n          <!---->\n          <div class=\"h-column h-column-container d-flex h-col-lg-auto h-col-md-auto h-col-auto style-1857-outer style-local-619-c12-outer\">\n            <div data-colibri-id=\"619-c12\" class=\"d-flex h-flex-basis h-column__inner h-px-lg-2 h-px-md-2 h-px-2 v-inner-lg-2 v-inner-md-2 v-inner-2 style-1857 style-local-619-c12 position-relative\">\n              <!---->\n              <!---->\n              <div class=\"w-100 h-y-container h-column__content h-column__v-align flex-basis-100 align-self-lg-start align-self-md-start align-self-start\">\n                <!---->\n                <div data-colibri-id=\"619-c13\" class=\"h-global-transition-all h-heading style-1858 style-local-619-c13 position-relative h-element\">\n                  <!---->\n                  <div data-aos=\"fadeInUp\" class=\"h-heading__outer style-1858 style-local-619-c13\">\n                    <!---->\n                    <!---->\n                    <h1 class=\"\">Projects &amp; Proposals<\/h1>\n                  <\/div>\n                <\/div>\n              <\/div>\n            <\/div>\n          <\/div>\n        <\/div>\n      <\/div>\n      <div data-colibri-id=\"619-c14\" class=\"h-row-container gutters-row-lg-2 gutters-row-md-2 gutters-row-0 gutters-row-v-lg-2 gutters-row-v-md-2 gutters-row-v-2 style-1848 style-local-619-c14 position-relative\">\n        <!---->\n        <div class=\"h-row justify-content-lg-center justify-content-md-center justify-content-center align-items-lg-stretch align-items-md-stretch align-items-stretch gutters-col-lg-2 gutters-col-md-2 gutters-col-0 gutters-col-v-lg-2 gutters-col-v-md-2 gutters-col-v-2\">\n          <!---->\n          <div class=\"h-column h-column-container d-flex h-col-lg-auto h-col-md-auto h-col-auto style-1849-outer style-local-619-c15-outer\">\n            <div data-colibri-id=\"619-c15\" class=\"d-flex h-flex-basis h-column__inner h-px-lg-2 h-px-md-2 h-px-2 v-inner-lg-2 v-inner-md-2 v-inner-2 style-1849 style-local-619-c15 position-relative\">\n              <!---->\n              <!---->\n              <div class=\"w-100 h-y-container h-column__content h-column__v-align flex-basis-100 align-self-lg-start align-self-md-start align-self-start\">\n                <!---->\n                <div data-colibri-id=\"619-c16\" data-aos=\"fadeInUp\" class=\"h-lead h-text h-text-component style-1852 style-local-619-c16 position-relative h-element\">\n                  <!---->\n                  <!---->\n                  <div class=\"\">\n                    <p><span style=\"font-weight: 300;\">On this page you will find helpful information on funding proposals, a completion guide for DFG proposals, best practices and references to external initiatives and associations to assist you in the application process.<\/span><\/p>\n                  <\/div>\n                <\/div>\n              <\/div>\n            <\/div>\n          <\/div>\n        <\/div>\n      <\/div>\n      <div data-colibri-id=\"619-c17\" class=\"h-row-container gutters-row-lg-2 gutters-row-md-2 gutters-row-2 gutters-row-v-lg-2 gutters-row-v-md-2 gutters-row-v-2 style-1803 style-local-619-c17 position-relative\">\n        <!---->\n        <div class=\"h-row justify-content-lg-center justify-content-md-center justify-content-center align-items-lg-stretch align-items-md-stretch align-items-stretch gutters-col-lg-2 gutters-col-md-2 gutters-col-2 gutters-col-v-lg-2 gutters-col-v-md-2 gutters-col-v-2\">\n          <!---->\n          <div data-aos=\"fadeInUp\" class=\"h-column h-column-container d-flex h-col-lg-6 h-col-md-6 h-col-12 style-1804-outer style-local-619-c18-outer\">\n            <div data-colibri-id=\"619-c18\" class=\"d-flex h-flex-basis h-column__inner h-px-lg-3 h-px-md-3 h-px-0 v-inner-lg-3 v-inner-md-3 v-inner-0 style-1804 style-local-619-c18 position-relative\">\n              <!---->\n              <!---->\n              <div class=\"w-100 h-y-container h-column__content h-column__v-align flex-basis-100 align-self-lg-start align-self-md-start align-self-start\">\n                <!---->\n                <div data-colibri-id=\"619-c19\" class=\"h-icon style-1837 style-local-619-c19 position-relative h-element\">\n                  <!----><span class=\"h-svg-icon h-icon__icon style-1837-icon style-local-619-c19-icon\"><!--Icon by Font Awesome (https:\/\/fontawesome.com)-->\n    <svg version=\"1.1\" xmlns=\"http:\/\/www.w3.org\/2000\/svg\" xmlns:xlink=\"http:\/\/www.w3.org\/1999\/xlink\" id=\"check-square-o\" viewbox=\"0 0 1664 1896.0833\">\n      <path d=\"M1408 930v318q0 119-84.5 203.5T1120 1536H288q-119 0-203.5-84.5T0 1248V416q0-119 84.5-203.5T288 128h832q63 0 117 25 15 7 18 23 3 17-9 29l-49 49q-10 10-23 10-3 0-9-2-23-6-45-6H288q-66 0-113 47t-47 113v832q0 66 47 113t113 47h832q66 0 113-47t47-113V994q0-13 9-22l64-64q10-10 23-10 6 0 12 3 20 8 20 29zm231-489l-814 814q-24 24-57 24t-57-24L281 825q-24-24-24-57t24-57l110-110q24-24 57-24t57 24l263 263 647-647q24-24 57-24t57 24l110 110q24 24 24 57t-24 57z\"><\/path>\n    <\/svg><\/span><\/div>\n                <div data-colibri-id=\"619-c20\" class=\"h-global-transition-all h-heading style-1838 style-local-619-c20 position-relative h-element\">\n                  <!---->\n                  <div class=\"h-heading__outer style-1838 style-local-619-c20\">\n                    <!---->\n                    <!---->\n                    <h3 class=\"\">DFG completion guide<\/h3>\n                  <\/div>\n                <\/div>\n                <div data-colibri-id=\"619-c21\" class=\"h-text h-text-component style-1840 style-local-619-c21 position-relative h-element\">\n                  <!---->\n                  <!---->\n                  <div class=\"\">\n                    <p>Here, we provide you with a guide containing detailed explanations and notes on the checklist to assist you in the application process.\n                      <br>&nbsp;\n                      <br>\n                    <\/p>\n                  <\/div>\n                <\/div>\n                <div data-colibri-id=\"619-c22\" class=\"h-x-container style-1841 style-local-619-c22 position-relative h-element\">\n                  <!---->\n                  <div class=\"h-x-container-inner style-dynamic-619-c22-group style-1841-spacing style-local-619-c22-spacing\"><span class=\"h-button__outer style-4623-outer style-local-619-c23-outer d-inline-flex h-element\"><a h-use-smooth-scroll=\"true\" href=\"..\/dfg-ausfuellhilfe\/\"  data-colibri-id=\"619-c23\" class=\"d-flex w-100 align-items-center h-button justify-content-lg-center justify-content-md-center justify-content-center style-4623 style-local-619-c23 position-relative\"><!----><!----> <span>More<\/span><\/a>\n                    <\/span>\n                  <\/div>\n                <\/div>\n              <\/div>\n            <\/div>\n          <\/div>\n          <div data-aos=\"fadeInUp\" class=\"h-column h-column-container d-flex h-col-lg-6 h-col-md-6 h-col-12 style-1804-outer style-local-619-c24-outer\">\n            <div data-colibri-id=\"619-c24\" class=\"d-flex h-flex-basis h-column__inner h-px-lg-3 h-px-md-3 h-px-0 v-inner-lg-3 v-inner-md-3 v-inner-0 style-1804 style-local-619-c24 position-relative\">\n              <!---->\n              <!---->\n              <div class=\"w-100 h-y-container h-column__content h-column__v-align flex-basis-100 align-self-lg-start align-self-md-start align-self-start\">\n                <!---->\n                <div data-colibri-id=\"619-c25\" class=\"h-icon style-1837 style-local-619-c25 position-relative h-element\">\n                  <!----><span class=\"h-svg-icon h-icon__icon style-1837-icon style-local-619-c25-icon\"><!--Icon by Font Awesome (https:\/\/fontawesome.com)-->\n    <svg version=\"1.1\" xmlns=\"http:\/\/www.w3.org\/2000\/svg\" xmlns:xlink=\"http:\/\/www.w3.org\/1999\/xlink\" id=\"pencil-square-o\" viewbox=\"0 0 1792 1896.0833\">\n      <path d=\"M888 1184l116-116-152-152-116 116v56h96v96h56zm440-720q-16-16-33 1L945 815q-17 17-1 33t33-1l350-350q17-17 1-33zm80 594v190q0 119-84.5 203.5T1120 1536H288q-119 0-203.5-84.5T0 1248V416q0-119 84.5-203.5T288 128h832q63 0 117 25 15 7 18 23 3 17-9 29l-49 49q-14 14-32 8-23-6-45-6H288q-66 0-113 47t-47 113v832q0 66 47 113t113 47h832q66 0 113-47t47-113v-126q0-13 9-22l64-64q15-15 35-7t20 29zm-96-738l288 288-672 672H640V992zm444 132l-92 92-288-288 92-92q28-28 68-28t68 28l152 152q28 28 28 68t-28 68z\"><\/path>\n    <\/svg><\/span><\/div>\n                <div data-colibri-id=\"619-c26\" class=\"h-global-transition-all h-heading style-1838 style-local-619-c26 position-relative h-element\">\n                  <!---->\n                  <div class=\"h-heading__outer style-1838 style-local-619-c26\">\n                    <!---->\n                    <!---->\n                    <h3 class=\"\">Information on funding applications<\/h3>\n                  <\/div>\n                <\/div>\n                <div data-colibri-id=\"619-c27\" class=\"h-text h-text-component style-1840 style-local-619-c27 position-relative h-element\">\n                  <!---->\n                  <!---->\n                  <div class=\"\">\n                    <p>Would you like to submit a proposal to the DFG, the BMBF or Horizon Europe? Here you will find the relevant information on handling research data.\n                      <br>\n                    <\/p>\n                  <\/div>\n                <\/div>\n                <div data-colibri-id=\"619-c28\" class=\"h-x-container style-1841 style-local-619-c28 position-relative h-element\">\n                  <!---->\n                  <div class=\"h-x-container-inner style-dynamic-619-c28-group style-1841-spacing style-local-619-c28-spacing\"><span class=\"h-button__outer style-4623-outer style-local-619-c29-outer d-inline-flex h-element\"><a h-use-smooth-scroll=\"true\" href=\"..\/infos-zu-foerderantraegen\/\"  data-colibri-id=\"619-c29\" class=\"d-flex w-100 align-items-center h-button justify-content-lg-center justify-content-md-center justify-content-center style-4623 style-local-619-c29 position-relative\"><!----><!----> <span>More<\/span><\/a>\n                    <\/span>\n                  <\/div>\n                <\/div>\n              <\/div>\n            <\/div>\n          <\/div>\n          <div data-aos=\"fadeInUp\" class=\"h-column h-column-container d-flex h-col-lg-6 h-col-md-6 h-col-12 style-1804-outer style-local-619-c30-outer\">\n            <div data-colibri-id=\"619-c30\" class=\"d-flex h-flex-basis h-column__inner h-px-lg-3 h-px-md-3 h-px-0 v-inner-lg-3 v-inner-md-3 v-inner-0 style-1804 style-local-619-c30 position-relative\">\n              <!---->\n              <!---->\n              <div class=\"w-100 h-y-container h-column__content h-column__v-align flex-basis-100 align-self-lg-start align-self-md-start align-self-start\">\n                <!---->\n                <div data-colibri-id=\"619-c31\" class=\"h-icon style-1837 style-local-619-c31 position-relative h-element\">\n                  <!----><span class=\"h-svg-icon h-icon__icon style-1837-icon style-local-619-c31-icon\"><!--Icon by Font Awesome (https:\/\/fontawesome.com)-->\n    <svg version=\"1.1\" xmlns=\"http:\/\/www.w3.org\/2000\/svg\" xmlns:xlink=\"http:\/\/www.w3.org\/1999\/xlink\" id=\"group\" viewbox=\"0 0 1920 1896.0833\">\n      <path d=\"M593 896q-162 5-265 128H194q-82 0-138-40.5T0 865q0-353 124-353 6 0 43.5 21t97.5 42.5T384 597q67 0 133-23-5 37-5 66 0 139 81 256zm1071 637q0 120-73 189.5t-194 69.5H523q-121 0-194-69.5T256 1533q0-53 3.5-103.5t14-109T300 1212t43-97.5 62-81 85.5-53.5T602 960q10 0 43 21.5t73 48 107 48 135 21.5 135-21.5 107-48 73-48 43-21.5q61 0 111.5 20t85.5 53.5 62 81 43 97.5 26.5 108.5 14 109 3.5 103.5zM640 256q0 106-75 181t-181 75-181-75-75-181 75-181T384 0t181 75 75 181zm704 384q0 159-112.5 271.5T960 1024 688.5 911.5 576 640t112.5-271.5T960 256t271.5 112.5T1344 640zm576 225q0 78-56 118.5t-138 40.5h-134q-103-123-265-128 81-117 81-256 0-29-5-66 66 23 133 23 59 0 119-21.5t97.5-42.5 43.5-21q124 0 124 353zm-128-609q0 106-75 181t-181 75-181-75-75-181 75-181 181-75 181 75 75 181z\"><\/path>\n    <\/svg><\/span><\/div>\n                <div data-colibri-id=\"619-c32\" class=\"h-global-transition-all h-heading style-1838 style-local-619-c32 position-relative h-element\">\n                  <!---->\n                  <div class=\"h-heading__outer style-1838 style-local-619-c32\">\n                    <!---->\n                    <!---->\n                    <h3 class=\"\">Networks &amp; Initiatives <\/h3>\n                  <\/div>\n                <\/div>\n                <div data-colibri-id=\"619-c33\" class=\"h-text h-text-component style-1840 style-local-619-c33 position-relative h-element\">\n                  <!---->\n                  <!---->\n                  <div class=\"\">\n                    <p>Since research data varies from discipline to discipline, we have compiled a brief overview of networking opportunities for researchers and data stewards\u2014both interdisciplinary within RUB and discipline-specific within the NFDI.&nbsp;<\/p>\n                  <\/div>\n                <\/div>\n                <div data-colibri-id=\"619-c34\" class=\"h-x-container style-1841 style-local-619-c34 position-relative h-element\">\n                  <!---->\n                  <div class=\"h-x-container-inner style-dynamic-619-c34-group style-1841-spacing style-local-619-c34-spacing\"><span class=\"h-button__outer style-4623-outer style-local-619-c35-outer d-inline-flex h-element\"><a h-use-smooth-scroll=\"true\" href=\"https:\/\/researchdata.ruhr-uni-bochum.de\/en\/netzwerke-und-initiativen\/\"  data-colibri-id=\"619-c35\" class=\"d-flex w-100 align-items-center h-button justify-content-lg-center justify-content-md-center justify-content-center style-4623 style-local-619-c35 position-relative\"><!----><!----> <span>More<\/span><\/a>\n                    <\/span>\n                  <\/div>\n                <\/div>\n              <\/div>\n            <\/div>\n          <\/div>\n        <\/div>\n      <\/div>\n    <\/div>\n  <\/div>\n<\/div>","protected":false},"excerpt":{"rendered":"<p>Projekte &amp; Antr\u00e4ge Zur Unterst\u00fctzung bei der Antragstellung finden Sie auf den folgenden Seiten hilfreiche Hinweise zu F\u00f6rderantr\u00e4gen, eine Ausf\u00fcllhilfe f\u00fcr DFG-Antr\u00e4ge und Verweise auf externe Initiativen und Verb\u00e4nde. DFG Ausf\u00fcllhilfe Hier finden Sie eine Anleitung zur Checkliste der DFG zum Umgang mit Forschungsdaten. &nbsp; Mehr Infos zu F\u00f6rderantr\u00e4gen Sie m\u00f6chten einen Antrag bei der [&hellip;]<\/p>\n","protected":false},"author":6,"featured_media":1089,"parent":0,"menu_order":0,"comment_status":"closed","ping_status":"closed","template":"page-templates\/full-width-page.php","meta":{"footnotes":""},"class_list":["post-619","page","type-page","status-publish","has-post-thumbnail","hentry"],"_links":{"self":[{"href":"https:\/\/researchdata.ruhr-uni-bochum.de\/en\/wp-json\/wp\/v2\/pages\/619","targetHints":{"allow":["GET"]}}],"collection":[{"href":"https:\/\/researchdata.ruhr-uni-bochum.de\/en\/wp-json\/wp\/v2\/pages"}],"about":[{"href":"https:\/\/researchdata.ruhr-uni-bochum.de\/en\/wp-json\/wp\/v2\/types\/page"}],"author":[{"embeddable":true,"href":"https:\/\/researchdata.ruhr-uni-bochum.de\/en\/wp-json\/wp\/v2\/users\/6"}],"replies":[{"embeddable":true,"href":"https:\/\/researchdata.ruhr-uni-bochum.de\/en\/wp-json\/wp\/v2\/comments?post=619"}],"version-history":[{"count":19,"href":"https:\/\/researchdata.ruhr-uni-bochum.de\/en\/wp-json\/wp\/v2\/pages\/619\/revisions"}],"predecessor-version":[{"id":7253,"href":"https:\/\/researchdata.ruhr-uni-bochum.de\/en\/wp-json\/wp\/v2\/pages\/619\/revisions\/7253"}],"wp:featuredmedia":[{"embeddable":true,"href":"https:\/\/researchdata.ruhr-uni-bochum.de\/en\/wp-json\/wp\/v2\/media\/1089"}],"wp:attachment":[{"href":"https:\/\/researchdata.ruhr-uni-bochum.de\/en\/wp-json\/wp\/v2\/media?parent=619"}],"curies":[{"name":"wp","href":"https:\/\/api.w.org\/{rel}","templated":true}]}}