{"id":713,"date":"2024-03-04T18:36:02","date_gmt":"2024-03-04T17:36:02","guid":{"rendered":"https:\/\/datarepository.ruhr-uni-bochum.de\/?page_id=713"},"modified":"2025-07-17T08:24:45","modified_gmt":"2025-07-17T06:24:45","slug":"dfg-ausfuellhilfe","status":"publish","type":"page","link":"https:\/\/researchdata.ruhr-uni-bochum.de\/en\/dfg-ausfuellhilfe\/","title":{"rendered":"DFG completion guide"},"content":{"rendered":"<div data-colibri-id=\"713-c1\" class=\"style-1844 style-local-713-c1 position-relative\">\n  <!---->\n  <div data-colibri-component=\"section\" data-colibri-id=\"713-c2\" id=\"reusable-sections\" class=\"h-section h-section-global-spacing d-flex align-items-lg-center align-items-md-center align-items-center style-3907 style-local-713-c2 position-relative\">\n    <!---->\n    <!---->\n    <div class=\"h-section-grid-container h-section-fluid-container\">\n      <!---->\n      <div data-colibri-id=\"713-c3\" class=\"h-row-container gutters-row-lg-0 gutters-row-md-0 gutters-row-0 gutters-row-v-lg-0 gutters-row-v-md-0 gutters-row-v-0 style-3908 style-local-713-c3 position-relative\">\n        <!---->\n        <div class=\"h-row justify-content-lg-end justify-content-md-end justify-content-end align-items-lg-stretch align-items-md-stretch align-items-stretch gutters-col-lg-0 gutters-col-md-0 gutters-col-0 gutters-col-v-lg-0 gutters-col-v-md-0 gutters-col-v-0\">\n          <!---->\n          <div class=\"h-column h-column-container d-flex h-col-lg-auto h-col-md-auto h-col-auto style-3909-outer style-local-713-c4-outer\">\n            <div data-colibri-id=\"713-c4\" class=\"d-flex h-flex-basis h-column__inner h-px-lg-0 h-px-md-0 h-px-0 v-inner-lg-0 v-inner-md-0 v-inner-0 style-3909 style-local-713-c4 position-relative\">\n              <!---->\n              <!---->\n              <div class=\"w-100 h-y-container h-column__content h-column__v-align flex-basis-100 align-self-lg-start align-self-md-start align-self-start\">\n                <!---->\n                <div data-colibri-id=\"713-c5\" class=\"style-3910 style-local-713-c5 position-relative h-element\">\n                  <!---->\n                  <div class=\"h-global-transition-all\">\u00a9 Dilok\/stock.adobe.com<\/div>\n                <\/div>\n              <\/div>\n            <\/div>\n          <\/div>\n        <\/div>\n      <\/div>\n    <\/div>\n  <\/div>\n  <div data-colibri-component=\"section\" data-colibri-id=\"713-c10\" data-aos=\"fadeInUp\" id=\"reusable-sections-2\" class=\"h-section h-section-global-spacing d-flex align-items-lg-center align-items-md-center align-items-center style-3793 style-local-713-c10 position-relative\">\n    <!---->\n    <!---->\n    <div class=\"h-section-grid-container h-section-boxed-container\">\n      <!---->\n      <div data-colibri-id=\"713-c11\" class=\"h-row-container gutters-row-lg-2 gutters-row-md-2 gutters-row-0 gutters-row-v-lg-2 gutters-row-v-md-2 gutters-row-v-2 style-3794 style-local-713-c11 position-relative\">\n        <!---->\n        <div class=\"h-row justify-content-lg-center justify-content-md-center justify-content-center align-items-lg-stretch align-items-md-stretch align-items-stretch gutters-col-lg-2 gutters-col-md-2 gutters-col-0 gutters-col-v-lg-2 gutters-col-v-md-2 gutters-col-v-2\">\n          <!---->\n          <div class=\"h-column h-column-container d-flex h-col-lg-auto h-col-md-auto h-col-auto style-3795-outer style-local-713-c12-outer\">\n            <div data-colibri-id=\"713-c12\" class=\"d-flex h-flex-basis h-column__inner h-px-lg-2 h-px-md-2 h-px-2 v-inner-lg-2 v-inner-md-2 v-inner-2 style-3795 style-local-713-c12 position-relative\">\n              <!---->\n              <!---->\n              <div class=\"w-100 h-y-container h-column__content h-column__v-align flex-basis-100 align-self-lg-start align-self-md-start align-self-start\">\n                <!---->\n                <div data-colibri-id=\"713-c13\" class=\"h-global-transition-all h-heading style-3796 style-local-713-c13 position-relative h-element\">\n                  <!---->\n                  <div data-aos=\"fadeInUp\" class=\"h-heading__outer style-3796 style-local-713-c13\">\n                    <!---->\n                    <!---->\n                    <h1 class=\"\">DFG completion guide<\/h1>\n                  <\/div>\n                <\/div>\n                <div data-colibri-id=\"713-c14\" data-aos=\"fadeInUp\" class=\"h-lead h-text h-text-component style-3798 style-local-713-c14 position-relative h-element\">\n                  <!---->\n                  <!---->\n                  <div class=\"\">\n                    <p>The\n                      <a href=\"https:\/\/www.dfg.de\/en\/dfg-profile\/about-the-dfg\/what-is-the-dfg\">DFG<\/a> 's proposal preparation instructions require mandatory information on data management.\n                      <br>Here, we provide you with a guide containing detailed explanations and notes on the checklist to assist you in the application process.\n                      <br>\n                    <\/p>\n                  <\/div>\n                <\/div>\n              <\/div>\n            <\/div>\n          <\/div>\n        <\/div>\n      <\/div>\n      <div data-colibri-id=\"713-c15\" class=\"h-row-container gutters-row-lg-2 gutters-row-md-2 gutters-row-0 gutters-row-v-lg-2 gutters-row-v-md-2 gutters-row-v-2 style-3799 style-local-713-c15 position-relative\">\n        <!---->\n        <div class=\"h-row justify-content-lg-center justify-content-md-center justify-content-center align-items-lg-stretch align-items-md-stretch align-items-stretch gutters-col-lg-2 gutters-col-md-2 gutters-col-0 gutters-col-v-lg-2 gutters-col-v-md-2 gutters-col-v-2\">\n          <!---->\n          <div data-aos=\"fadeInUp\" class=\"h-column h-column-container d-flex h-col-lg-auto h-col-md-auto h-col-auto style-3800-outer style-local-713-c16-outer\">\n            <div data-colibri-id=\"713-c16\" class=\"d-flex h-flex-basis h-column__inner h-px-lg-2 h-px-md-2 h-px-2 v-inner-lg-2 v-inner-md-2 v-inner-2 style-3800 style-local-713-c16 position-relative\">\n              <!---->\n              <!---->\n              <div class=\"w-100 h-y-container h-column__content h-column__v-align flex-basis-100 align-self-lg-start align-self-md-start align-self-start\">\n                <!---->\n                <div data-colibri-id=\"713-c17\" class=\"h-global-transition-all h-heading style-3801 style-local-713-c17 position-relative h-element\">\n                  <!---->\n                  <div class=\"h-heading__outer style-3801 style-local-713-c17\">\n                    <!---->\n                    <!---->\n                    <h3 class=\"\">Proposals &amp; Checklist<\/h3>\n                  <\/div>\n                <\/div>\n                <div data-colibri-id=\"713-c18\" class=\"h-text h-text-component style-3804 style-local-713-c18 position-relative h-element\">\n                  <!---->\n                  <!---->\n                  <div class=\"\">\n                    <p>Here you can find proposal preparation instructions by\n                      <a href=\"https:\/\/www.dfg.de\/en\/dfg-profile\/about-the-dfg\/what-is-the-dfg\" class=\"customize-unpreviewable\">DFG<\/a>:<\/p>\n                  <\/div>\n                <\/div>\n                <div data-colibri-id=\"713-c19\" class=\"h-x-container style-3815 style-local-713-c19 position-relative h-element\">\n                  <!---->\n                  <div class=\"h-x-container-inner style-dynamic-713-c19-group style-3815-spacing style-local-713-c19-spacing\"><span class=\"h-button__outer style-4623-outer style-local-713-c20-outer d-inline-flex h-element\"><a h-use-smooth-scroll=\"true\" href=\"https:\/\/researchdata.ruhr-uni-bochum.de\/wp-content\/uploads\/2024\/04\/54-01-en-data.pdf\"  data-colibri-id=\"713-c20\" class=\"d-flex w-100 align-items-center h-button justify-content-lg-center justify-content-md-center justify-content-center style-4623 style-local-713-c20 position-relative\"><!----><!----> <span>Instructions<\/span><\/a>\n                    <\/span>\n                  <\/div>\n                <\/div>\n                <div data-colibri-id=\"713-c21\" class=\"h-text h-text-component style-3804 style-local-713-c21 position-relative h-element\">\n                  <!---->\n                  <!---->\n                  <div class=\"\">\n                    <p>In addition,  the\n                      <a href=\"https:\/\/www.dfg.de\/en\/dfg-profile\/about-the-dfg\/what-is-the-dfg\">DFG<\/a> has compiled in the form of a questionnaire, in which essential information regarding the handling of research data for the application is requested.<\/p>\n                  <\/div>\n                <\/div>\n                <div data-colibri-id=\"713-c22\" class=\"h-x-container style-3817 style-local-713-c22 position-relative h-element\">\n                  <!---->\n                  <div class=\"h-x-container-inner style-dynamic-713-c22-group style-3817-spacing style-local-713-c22-spacing\"><span class=\"h-button__outer style-4623-outer style-local-713-c23-outer d-inline-flex h-element\"><a h-use-smooth-scroll=\"true\" href=\"https:\/\/researchdata.ruhr-uni-bochum.de\/wp-content\/uploads\/2024\/05\/forschungsdaten-checkliste-en-data.pdf\"  data-colibri-id=\"713-c23\" class=\"d-flex w-100 align-items-center h-button justify-content-lg-center justify-content-md-center justify-content-center style-4623 style-local-713-c23 position-relative\"><!----><!----> <span>checklist<\/span><\/a>\n                    <\/span>\n                  <\/div>\n                <\/div>\n              <\/div>\n            <\/div>\n          <\/div>\n          <div data-aos=\"fadeInUp\" class=\"h-column h-column-container d-flex h-col-lg-auto h-col-md-auto h-col-auto style-3808-outer style-local-713-c24-outer\">\n            <div data-colibri-id=\"713-c24\" class=\"d-flex h-flex-basis h-column__inner h-px-lg-2 h-px-md-2 h-px-2 v-inner-lg-2 v-inner-md-2 v-inner-2 style-3808 style-local-713-c24 position-relative\">\n              <!---->\n              <!---->\n              <div class=\"w-100 h-y-container h-column__content h-column__v-align flex-basis-100 align-self-lg-start align-self-md-start align-self-start\">\n                <!---->\n                <div data-colibri-id=\"713-c25\" class=\"h-row-container gutters-row-lg-0 gutters-row-md-0 gutters-row-0 gutters-row-v-lg-0 gutters-row-v-md-0 gutters-row-v-0 style-3809 style-local-713-c25 position-relative\">\n                  <!---->\n                  <div class=\"h-row justify-content-lg-center justify-content-md-center justify-content-center align-items-lg-stretch align-items-md-stretch align-items-stretch gutters-col-lg-0 gutters-col-md-0 gutters-col-0 gutters-col-v-lg-0 gutters-col-v-md-0 gutters-col-v-0\">\n                    <!---->\n                    <div class=\"h-column h-column-container d-flex h-col-lg-auto h-col-md-auto h-col-auto style-3810-outer style-local-713-c26-outer\">\n                      <div data-colibri-id=\"713-c26\" class=\"d-flex h-flex-basis h-column__inner h-px-lg-3 h-px-md-3 h-px-3 v-inner-lg-3 v-inner-md-3 v-inner-3 style-3810 style-local-713-c26 position-relative\">\n                        <!---->\n                        <!---->\n                        <div class=\"w-100 h-y-container h-column__content h-column__v-align flex-basis-100 align-self-lg-center align-self-md-center align-self-center\">\n                          <!---->\n                          <div data-colibri-id=\"713-c27\" class=\"h-global-transition-all h-heading style-3812 style-local-713-c27 position-relative h-element\">\n                            <!---->\n                            <div class=\"h-heading__outer style-3812 style-local-713-c27\">\n                              <!---->\n                              <!---->\n                              <h3 class=\"\">Completion guide<\/h3>\n                            <\/div>\n                          <\/div>\n                          <div data-colibri-id=\"713-c28\" class=\"h-text h-text-component style-3813 style-local-713-c28 position-relative h-element\">\n                            <!---->\n                            <!---->\n                            <div class=\"\">\n                              <p>Here, we provide you with a guide containing detailed explanations and notes on the checklist to assist you in the application process. <\/p>\n                            <\/div>\n                          <\/div>\n                          <div data-colibri-id=\"713-c29\" class=\"h-x-container style-3814 style-local-713-c29 position-relative h-element\">\n                            <!---->\n                            <div class=\"h-x-container-inner style-dynamic-713-c29-group style-3814-spacing style-local-713-c29-spacing\"><span class=\"h-button__outer style-4623-outer style-local-713-c30-outer d-inline-flex h-element\"><a h-use-smooth-scroll=\"true\" href=\"https:\/\/researchdata.ruhr-uni-bochum.de\/wp-content\/uploads\/2024\/05\/Guide_to_handling_research_data_in_DFG_proposals.docx\"  data-colibri-id=\"713-c30\" class=\"d-flex w-100 align-items-center h-button justify-content-lg-center justify-content-md-center justify-content-center style-4623 style-local-713-c30 position-relative\"><!----><!----> <span>Download<\/span><\/a>\n                              <\/span>\n                            <\/div>\n                          <\/div>\n                        <\/div>\n                      <\/div>\n                    <\/div>\n                  <\/div>\n                <\/div>\n              <\/div>\n            <\/div>\n          <\/div>\n        <\/div>\n      <\/div>\n    <\/div>\n  <\/div>\n  <div data-colibri-component=\"section\" data-colibri-id=\"713-c31\" id=\"custom\" class=\"h-section h-section-global-spacing d-flex align-items-lg-center align-items-md-center align-items-center style-3874 style-local-713-c31 position-relative\">\n    <!---->\n    <!---->\n    <div class=\"h-section-grid-container h-section-boxed-container\">\n      <!---->\n      <div data-colibri-id=\"713-c32\" class=\"h-row-container gutters-row-lg-2 gutters-row-md-2 gutters-row-0 gutters-row-v-lg-2 gutters-row-v-md-2 gutters-row-v-2 style-3875 style-local-713-c32 position-relative\">\n        <!---->\n        <div class=\"h-row justify-content-lg-center justify-content-md-center justify-content-center align-items-lg-stretch align-items-md-stretch align-items-stretch gutters-col-lg-2 gutters-col-md-2 gutters-col-0 gutters-col-v-lg-2 gutters-col-v-md-2 gutters-col-v-2\">\n          <!---->\n          <div class=\"h-column h-column-container d-flex h-col-lg-auto h-col-md-auto h-col-auto style-3876-outer style-local-713-c33-outer\">\n            <div data-colibri-id=\"713-c33\" class=\"d-flex h-flex-basis h-column__inner h-px-lg-2 h-px-md-2 h-px-2 v-inner-lg-2 v-inner-md-2 v-inner-2 style-3876 style-local-713-c33 position-relative\">\n              <!---->\n              <!---->\n              <div class=\"w-100 h-y-container h-column__content h-column__v-align flex-basis-100 align-self-lg-start align-self-md-start align-self-start\">\n                <!---->\n                <div data-colibri-id=\"713-c34\" class=\"h-global-transition-all h-heading style-3801 style-local-713-c34 position-relative h-element\">\n                  <!---->\n                  <div class=\"h-heading__outer style-3801 style-local-713-c34\">\n                    <!---->\n                    <!---->\n                    <h3 class=\"\">Contact<\/h3>\n                  <\/div>\n                <\/div>\n                <div data-colibri-id=\"713-c35\" class=\"h-text h-text-component style-3804 style-local-713-c35 position-relative h-element\">\n                  <!---->\n                  <!---->\n                  <div class=\"\">\n                    <p>If you have any questions regarding the completion guide, the checklist itself, or general questions about research data management, please contact us.&nbsp;<\/p>\n                  <\/div>\n                <\/div>\n                <div data-colibri-id=\"713-c36\" class=\"h-x-container style-3805 style-local-713-c36 position-relative h-element\">\n                  <!---->\n                  <div class=\"h-x-container-inner style-dynamic-713-c36-group style-3805-spacing style-local-713-c36-spacing\"><span class=\"h-button__outer style-4623-outer style-local-713-c37-outer d-inline-flex h-element\"><a h-use-smooth-scroll=\"true\" href=\"..\/en\/team-und-kontakt\/\"  data-colibri-id=\"713-c37\" class=\"d-flex w-100 align-items-center h-button justify-content-lg-center justify-content-md-center justify-content-center style-4623 style-local-713-c37 position-relative\"><!----><!----> <span>Contact<\/span><\/a>\n                    <\/span>\n                  <\/div>\n                <\/div>\n              <\/div>\n            <\/div>\n          <\/div>\n          <div class=\"h-column h-column-container d-flex h-col-lg-auto h-col-md-auto h-col-auto style-3877-outer style-local-713-c38-outer\">\n            <div data-colibri-id=\"713-c38\" class=\"d-flex h-flex-basis h-column__inner h-px-lg-2 h-px-md-2 h-px-2 v-inner-lg-2 v-inner-md-2 v-inner-2 style-3877 style-local-713-c38 position-relative\">\n              <!---->\n              <!---->\n              <div class=\"w-100 h-y-container h-column__content h-column__v-align flex-basis-100 align-self-lg-start align-self-md-start align-self-start\">\n                <!---->\n                <div data-colibri-id=\"713-c39\" class=\"h-global-transition-all h-heading style-3801 style-local-713-c39 position-relative h-element\">\n                  <!---->\n                  <div class=\"h-heading__outer style-3801 style-local-713-c39\">\n                    <!---->\n                    <!---->\n                    <h3 class=\"\">Further services and information<\/h3>\n                  <\/div>\n                <\/div>\n                <div data-colibri-id=\"713-c40\" class=\"h-text h-text-component style-3804 style-local-713-c40 position-relative h-element\">\n                  <!---->\n                  <!---->\n                  <div class=\"\">\n                    <p>You can find further assistance for your application on our funding application page.&nbsp;<\/p>\n                  <\/div>\n                <\/div>\n                <div data-colibri-id=\"713-c41\" class=\"h-x-container style-3824 style-local-713-c41 position-relative h-element\">\n                  <!---->\n                  <div class=\"h-x-container-inner style-dynamic-713-c41-group style-3824-spacing style-local-713-c41-spacing\"><span class=\"h-button__outer style-4623-outer style-local-713-c42-outer d-inline-flex h-element\"><a h-use-smooth-scroll=\"true\" href=\"..\/infos-zu-foerderantraegen\/\"  data-colibri-id=\"713-c42\" class=\"d-flex w-100 align-items-center h-button justify-content-lg-center justify-content-md-center justify-content-center style-4623 style-local-713-c42 position-relative\"><!----><!----> <span>More<\/span><\/a>\n                    <\/span>\n                  <\/div>\n                <\/div>\n                <div data-colibri-id=\"713-c43\" class=\"h-text h-text-component style-3804 style-local-713-c43 position-relative h-element\">\n                  <!---->\n                  <!---->\n                  <div class=\"\">\n                    <p>Further details on the guidelines of RUB can be found here:<\/p>\n                  <\/div>\n                <\/div>\n                <div data-colibri-id=\"713-c44\" class=\"h-x-container style-3826 style-local-713-c44 position-relative h-element\">\n                  <!---->\n                  <div class=\"h-x-container-inner style-dynamic-713-c44-group style-3826-spacing style-local-713-c44-spacing\"><span class=\"h-button__outer style-4623-outer style-local-713-c45-outer d-inline-flex h-element\"><a h-use-smooth-scroll=\"true\" href=\"https:\/\/researchdata.ruhr-uni-bochum.de\/wp-content\/uploads\/2024\/05\/GuidelinesRDM.pdf\"  data-colibri-id=\"713-c45\" class=\"d-flex w-100 align-items-center h-button justify-content-lg-center justify-content-md-center justify-content-center style-4623 style-local-713-c45 position-relative\"><!----><!----> <span>More<\/span><\/a>\n                    <\/span>\n                  <\/div>\n                <\/div>\n              <\/div>\n            <\/div>\n          <\/div>\n        <\/div>\n      <\/div>\n    <\/div>\n  <\/div>\n<\/div>","protected":false},"excerpt":{"rendered":"<p>DFg-Ausf\u00fcllhilfe Der Leitfaden f\u00fcr die Antragstellung der DFG schreibt verpflichtende Angaben zum Datenmanagement vor. Hier stellen wir Ihnen eine Anleitung mit ausf\u00fchrlichen Erkl\u00e4rungen und Hinweisen zur Checkliste bereit, um Sie bei der Antragstellung zu unterst\u00fctzen. Leitfaden &amp; Checkliste Hier finden Sie den Leitfaden f\u00fcr die Antragstellung der DFG: Leitfaden Zus\u00e4tzlich hat die DFG in einer [&hellip;]<\/p>\n","protected":false},"author":6,"featured_media":1079,"parent":0,"menu_order":0,"comment_status":"closed","ping_status":"closed","template":"page-templates\/full-width-page.php","meta":{"footnotes":""},"class_list":["post-713","page","type-page","status-publish","has-post-thumbnail","hentry"],"_links":{"self":[{"href":"https:\/\/researchdata.ruhr-uni-bochum.de\/en\/wp-json\/wp\/v2\/pages\/713","targetHints":{"allow":["GET"]}}],"collection":[{"href":"https:\/\/researchdata.ruhr-uni-bochum.de\/en\/wp-json\/wp\/v2\/pages"}],"about":[{"href":"https:\/\/researchdata.ruhr-uni-bochum.de\/en\/wp-json\/wp\/v2\/types\/page"}],"author":[{"embeddable":true,"href":"https:\/\/researchdata.ruhr-uni-bochum.de\/en\/wp-json\/wp\/v2\/users\/6"}],"replies":[{"embeddable":true,"href":"https:\/\/researchdata.ruhr-uni-bochum.de\/en\/wp-json\/wp\/v2\/comments?post=713"}],"version-history":[{"count":20,"href":"https:\/\/researchdata.ruhr-uni-bochum.de\/en\/wp-json\/wp\/v2\/pages\/713\/revisions"}],"predecessor-version":[{"id":5829,"href":"https:\/\/researchdata.ruhr-uni-bochum.de\/en\/wp-json\/wp\/v2\/pages\/713\/revisions\/5829"}],"wp:featuredmedia":[{"embeddable":true,"href":"https:\/\/researchdata.ruhr-uni-bochum.de\/en\/wp-json\/wp\/v2\/media\/1079"}],"wp:attachment":[{"href":"https:\/\/researchdata.ruhr-uni-bochum.de\/en\/wp-json\/wp\/v2\/media?parent=713"}],"curies":[{"name":"wp","href":"https:\/\/api.w.org\/{rel}","templated":true}]}}