{"id":817,"date":"2024-03-06T09:55:24","date_gmt":"2024-03-06T08:55:24","guid":{"rendered":"https:\/\/datarepository.ruhr-uni-bochum.de\/?page_id=817"},"modified":"2026-01-13T12:39:28","modified_gmt":"2026-01-13T11:39:28","slug":"versionierung-gitlab","status":"publish","type":"page","link":"https:\/\/researchdata.ruhr-uni-bochum.de\/en\/versionierung-gitlab\/","title":{"rendered":"Versioning (GITLAB)"},"content":{"rendered":"<div data-colibri-id=\"817-c1\" class=\"style-2181 style-local-817-c1 position-relative\">\n  <!---->\n  <div data-colibri-component=\"section\" data-colibri-id=\"817-c2\" id=\"reusable-sections-2\" class=\"h-section h-section-global-spacing d-flex align-items-lg-center align-items-md-center align-items-center style-2594 style-local-817-c2 position-relative\">\n    <!---->\n    <!---->\n    <div class=\"h-section-grid-container h-section-fluid-container\">\n      <!---->\n      <div data-colibri-id=\"817-c3\" class=\"h-row-container gutters-row-lg-0 gutters-row-md-0 gutters-row-0 gutters-row-v-lg-0 gutters-row-v-md-0 gutters-row-v-0 style-2595 style-local-817-c3 position-relative\">\n        <!---->\n        <div class=\"h-row justify-content-lg-end justify-content-md-end justify-content-end align-items-lg-stretch align-items-md-stretch align-items-stretch gutters-col-lg-0 gutters-col-md-0 gutters-col-0 gutters-col-v-lg-0 gutters-col-v-md-0 gutters-col-v-0\">\n          <!---->\n          <div class=\"h-column h-column-container d-flex h-col-lg-auto h-col-md-auto h-col-auto style-2596-outer style-local-817-c4-outer\">\n            <div data-colibri-id=\"817-c4\" class=\"d-flex h-flex-basis h-column__inner h-px-lg-0 h-px-md-0 h-px-0 v-inner-lg-0 v-inner-md-0 v-inner-0 style-2596 style-local-817-c4 position-relative\">\n              <!---->\n              <!---->\n              <div class=\"w-100 h-y-container h-column__content h-column__v-align flex-basis-100 align-self-lg-start align-self-md-start align-self-start\">\n                <!---->\n                <div data-colibri-id=\"817-c5\" class=\"style-2597 style-local-817-c5 position-relative h-element\">\n                  <!---->\n                  <div class=\"h-global-transition-all\">\u00a9 NicoElNino\/stock.adobe.com<\/div>\n                <\/div>\n              <\/div>\n            <\/div>\n          <\/div>\n        <\/div>\n      <\/div>\n    <\/div>\n  <\/div>\n  <div data-colibri-component=\"section\" data-colibri-id=\"817-c10\" id=\"reusable-sections\" class=\"h-section h-section-global-spacing d-flex align-items-lg-center align-items-md-center align-items-center style-2182 style-local-817-c10 position-relative\">\n    <!---->\n    <!---->\n    <div class=\"h-section-grid-container h-section-boxed-container\">\n      <!---->\n      <div data-colibri-id=\"817-c11\" class=\"h-row-container gutters-row-lg-2 gutters-row-md-2 gutters-row-0 gutters-row-v-lg-2 gutters-row-v-md-2 gutters-row-v-2 style-2213 style-local-817-c11 position-relative\">\n        <!---->\n        <div class=\"h-row justify-content-lg-center justify-content-md-center justify-content-center align-items-lg-stretch align-items-md-stretch align-items-stretch gutters-col-lg-2 gutters-col-md-2 gutters-col-0 gutters-col-v-lg-2 gutters-col-v-md-2 gutters-col-v-2\">\n          <!---->\n          <div class=\"h-column h-column-container d-flex h-col-lg-auto h-col-md-auto h-col-auto style-2214-outer style-local-817-c12-outer\">\n            <div data-colibri-id=\"817-c12\" class=\"d-flex h-flex-basis h-column__inner h-px-lg-2 h-px-md-2 h-px-2 v-inner-lg-2 v-inner-md-2 v-inner-2 style-2214 style-local-817-c12 position-relative\">\n              <!---->\n              <!---->\n              <div class=\"w-100 h-y-container h-column__content h-column__v-align flex-basis-100 align-self-lg-start align-self-md-start align-self-start\">\n                <!---->\n                <div data-colibri-id=\"817-c13\" class=\"h-global-transition-all h-heading style-2206 style-local-817-c13 position-relative h-element\">\n                  <!---->\n                  <div data-aos=\"fadeInUp\" class=\"h-heading__outer style-2206 style-local-817-c13\">\n                    <!---->\n                    <!---->\n                    <h1 class=\"\">Versioning with GItlab<\/h1>\n                  <\/div>\n                <\/div>\n                <div data-colibri-id=\"817-c14\" class=\"h-row-container gutters-row-lg-1 gutters-row-md-1 gutters-row-0 gutters-row-v-lg-1 gutters-row-v-md-1 gutters-row-v-1 style-2786 style-local-817-c14 position-relative\">\n                  <!---->\n                  <div class=\"h-row justify-content-lg-center justify-content-md-center justify-content-center align-items-lg-stretch align-items-md-stretch align-items-stretch gutters-col-lg-1 gutters-col-md-1 gutters-col-0 gutters-col-v-lg-1 gutters-col-v-md-1 gutters-col-v-1\">\n                    <!---->\n                    <div class=\"h-column h-column-container d-flex h-col-lg-auto h-col-md-auto h-col-auto style-2787-outer style-local-817-c15-outer\">\n                      <div data-colibri-id=\"817-c15\" class=\"d-flex h-flex-basis h-column__inner h-px-lg-0 h-px-md-0 h-px-0 v-inner-lg-0 v-inner-md-0 v-inner-0 style-2787 style-local-817-c15 position-relative\">\n                        <!---->\n                        <!---->\n                        <div class=\"w-100 h-y-container h-column__content h-column__v-align flex-basis-100 align-self-lg-start align-self-md-start align-self-start\">\n                          <!---->\n                          <div data-colibri-id=\"817-c16\" data-aos=\"fadeInUp\" class=\"d-block style-2216 style-local-817-c16 position-relative h-element\">\n                            <!---->\n                            <div class=\"h-image__frame-container-outer\">\n                              <div class=\"h-image__frame-container\">\n                                <!---->\n                                <!---->\n                                <img loading=\"lazy\" decoding=\"async\" width=\"162\" height=\"151\" src=\"https:\/\/researchdata.ruhr-uni-bochum.de\/wp-content\/uploads\/2024\/03\/cropped-gitlab-logo-100-e1709892356886.png\" class=\"wp-image-909 style-2216-image style-local-817-c16-image\" alt=\"\" srcset=\"https:\/\/researchdata.ruhr-uni-bochum.de\/wp-content\/uploads\/2024\/03\/cropped-gitlab-logo-100-e1709892356886.png 162w, https:\/\/researchdata.ruhr-uni-bochum.de\/wp-content\/uploads\/2024\/03\/cropped-gitlab-logo-100-e1709892356886-150x140.png 150w, https:\/\/researchdata.ruhr-uni-bochum.de\/wp-content\/uploads\/2024\/03\/cropped-gitlab-logo-100-e1709892356886-13x12.png 13w\" sizes=\"auto, (max-width: 162px) 100vw, 162px\" \/>\n                                <div class=\"h-image__frame h-hide-lg h-hide-md h-hide-sm style-2216-frameImage style-local-817-c16-frameImage\"><\/div>\n                              <\/div>\n                            <\/div>\n                          <\/div>\n                        <\/div>\n                      <\/div>\n                    <\/div>\n                    <div class=\"h-column h-column-container d-flex h-col-lg-auto h-col-md-auto h-col-auto style-2788-outer style-local-817-c17-outer\">\n                      <div data-colibri-id=\"817-c17\" class=\"d-flex h-flex-basis h-column__inner h-px-lg-0 h-px-md-0 h-px-0 v-inner-lg-0 v-inner-md-0 v-inner-0 style-2788 style-local-817-c17 position-relative\">\n                        <!---->\n                        <!---->\n                        <div class=\"w-100 h-y-container h-column__content h-column__v-align flex-basis-100 align-self-lg-start align-self-md-start align-self-start\">\n                          <!---->\n                          <div data-colibri-id=\"817-c18\" class=\"d-block style-2789 style-local-817-c18 position-relative h-element\">\n                            <!---->\n                            <div class=\"h-image__frame-container-outer\">\n                              <div class=\"h-image__frame-container\">\n                                <!---->\n                                <!---->\n                                <img loading=\"lazy\" decoding=\"async\" width=\"300\" height=\"135\" src=\"https:\/\/researchdata.ruhr-uni-bochum.de\/wp-content\/uploads\/2024\/03\/RUB-LOGO.png\" class=\"wp-image-910 style-2789-image style-local-817-c18-image\" alt=\"\" srcset=\"https:\/\/researchdata.ruhr-uni-bochum.de\/wp-content\/uploads\/2024\/03\/RUB-LOGO.png 300w, https:\/\/researchdata.ruhr-uni-bochum.de\/wp-content\/uploads\/2024\/03\/RUB-LOGO-150x68.png 150w, https:\/\/researchdata.ruhr-uni-bochum.de\/wp-content\/uploads\/2024\/03\/RUB-LOGO-18x8.png 18w\" sizes=\"auto, (max-width: 300px) 100vw, 300px\" \/>\n                                <div class=\"h-image__frame h-hide-lg h-hide-md h-hide-sm style-2789-frameImage style-local-817-c18-frameImage\"><\/div>\n                              <\/div>\n                            <\/div>\n                          <\/div>\n                        <\/div>\n                      <\/div>\n                    <\/div>\n                  <\/div>\n                <\/div>\n                <div data-colibri-id=\"817-c19\" data-aos=\"fadeInUp\" class=\"h-lead h-text h-text-component style-2207 style-local-817-c19 position-relative h-element\">\n                  <!---->\n                  <!---->\n                  <div class=\"\">\n                    <p>To maintain an overview of the processing stages of research data, as well as codes and scripts, the software\n                      <a href=\"https:\/\/gitlab.ruhr-uni-bochum.de\">Gitlab<\/a> is suitable for version control.&nbsp;<\/p>\n                  <\/div>\n                <\/div>\n              <\/div>\n            <\/div>\n          <\/div>\n        <\/div>\n      <\/div>\n      <div data-colibri-id=\"817-c20\" class=\"h-row-container gutters-row-lg-2 gutters-row-md-2 gutters-row-0 gutters-row-v-lg-2 gutters-row-v-md-2 gutters-row-v-2 style-2183 style-local-817-c20 position-relative\">\n        <!---->\n        <div class=\"h-row justify-content-lg-center justify-content-md-center justify-content-center align-items-lg-stretch align-items-md-stretch align-items-stretch gutters-col-lg-2 gutters-col-md-2 gutters-col-0 gutters-col-v-lg-2 gutters-col-v-md-2 gutters-col-v-2\">\n          <!---->\n          <div data-aos=\"fadeInUp\" class=\"h-column h-column-container d-flex h-col-lg-auto h-col-md-auto h-col-auto style-2184-outer style-local-817-c21-outer\">\n            <div data-colibri-id=\"817-c21\" class=\"d-flex h-flex-basis h-column__inner h-px-lg-2 h-px-md-2 h-px-2 v-inner-lg-2 v-inner-md-2 v-inner-2 style-2184 style-local-817-c21 position-relative\">\n              <!---->\n              <!---->\n              <div class=\"w-100 h-y-container h-column__content h-column__v-align flex-basis-100 align-self-lg-start align-self-md-start align-self-start\">\n                <!---->\n                <div data-colibri-id=\"817-c22\" class=\"h-global-transition-all h-heading style-2185 style-local-817-c22 position-relative h-element\">\n                  <!---->\n                  <div class=\"h-heading__outer style-2185 style-local-817-c22\">\n                    <!---->\n                    <!---->\n                    <h3 class=\"\">Gitlab<\/h3>\n                  <\/div>\n                <\/div>\n                <div data-colibri-id=\"817-c23\" class=\"icon-list d-flex justify-content-lg-start justify-content-md-start justify-content-start style-2186 style-local-817-c23 position-relative h-element\">\n                  <!---->\n                  <ul class=\"ul-list-icon vertical-on-desktop vertical-on-tablet vertical-on-mobile justify-content-lg-start justify-content-md-start justify-content-start\">\n                    <!---->\n                    <li class=\"list-item no-gutters\">\n                      <!---->\n                      <div class=\"list-container-divider d-flex justify-content-lg-start justify-content-md-start justify-content-start first-el-spacer\"><\/div> <span class=\"item-link no-gutters\"><div class=\"d-flex h-col no-gutters align-items-lg-start align-items-md-start align-items-start list-item-text-wrapper\"><div class=\"d-flex\"><span  class=\"h-svg-icon style-2186-icon style-local-817-c23-icon\"><!--Icon by Font Awesome (https:\/\/fontawesome.com)-->\n    <svg version=\"1.1\" xmlns=\"http:\/\/www.w3.org\/2000\/svg\" xmlns:xlink=\"http:\/\/www.w3.org\/1999\/xlink\" id=\"check\" viewbox=\"0 0 1792 1896.0833\">\n      <path d=\"M1671 566q0 40-28 68l-724 724-136 136q-28 28-68 28t-68-28l-136-136-362-362q-28-28-28-68t28-68l136-136q28-28 68-28t68 28l294 295 656-657q28-28 68-28t68 28l136 136q28 28 28 68z\"><\/path>\n    <\/svg><\/span><\/div> <span class=\"list-text d-block\"><span>...every change to versioned files is logged, making changes traceable.<\/span><\/span>\n              <\/div>\n              <\/span>\n              <div class=\"list-container-divider d-flex justify-content-lg-start justify-content-md-start justify-content-start\">\n                <!---->\n              <\/div>\n              <\/li>\n              <li class=\"list-item no-gutters\">\n                <!---->\n                <!----><span class=\"item-link no-gutters\"><div class=\"d-flex h-col no-gutters align-items-lg-start align-items-md-start align-items-start list-item-text-wrapper\"><div class=\"d-flex\"><span  class=\"h-svg-icon style-2186-icon style-local-817-c23-icon\"><!--Icon by Font Awesome (https:\/\/fontawesome.com)-->\n    <svg version=\"1.1\" xmlns=\"http:\/\/www.w3.org\/2000\/svg\" xmlns:xlink=\"http:\/\/www.w3.org\/1999\/xlink\" id=\"check\" viewbox=\"0 0 1792 1896.0833\">\n      <path d=\"M1671 566q0 40-28 68l-724 724-136 136q-28 28-68 28t-68-28l-136-136-362-362q-28-28-28-68t28-68l136-136q28-28 68-28t68 28l294 295 656-657q28-28 68-28t68 28l136 136q28 28 28 68z\"><\/path>\n    <\/svg><\/span><\/div> <span class=\"list-text d-block\"><span>...the entire history of changes can be searched, and any previous version can be restored.<\/span><\/span>\n          <\/div>\n          <\/span>\n          <div class=\"list-container-divider d-flex justify-content-lg-start justify-content-md-start justify-content-start\">\n            <!---->\n          <\/div>\n          <\/li>\n          <li class=\"list-item no-gutters\">\n            <!---->\n            <!----><span class=\"item-link no-gutters\"><div class=\"d-flex h-col no-gutters align-items-lg-start align-items-md-start align-items-start list-item-text-wrapper\"><div class=\"d-flex\"><span  class=\"h-svg-icon style-2186-icon style-local-817-c23-icon\"><!--Icon by Font Awesome (https:\/\/fontawesome.com)-->\n    <svg version=\"1.1\" xmlns=\"http:\/\/www.w3.org\/2000\/svg\" xmlns:xlink=\"http:\/\/www.w3.org\/1999\/xlink\" id=\"check\" viewbox=\"0 0 1792 1896.0833\">\n      <path d=\"M1671 566q0 40-28 68l-724 724-136 136q-28 28-68 28t-68-28l-136-136-362-362q-28-28-28-68t28-68l136-136q28-28 68-28t68 28l294 295 656-657q28-28 68-28t68 28l136 136q28 28 28 68z\"><\/path>\n    <\/svg><\/span><\/div> <span class=\"list-text d-block\"><span>..is particularly well-suited for text-format files but can generally be used for all file formats.<\/span><\/span>\n      <\/div>\n      <\/span>\n      <div class=\"list-container-divider d-flex justify-content-lg-start justify-content-md-start justify-content-start\" style=\"display: none;\">\n        <!---->\n      <\/div>\n      <div class=\"list-container-divider d-flex justify-content-lg-start justify-content-md-start justify-content-start last-el-spacer\"><\/div>\n      <\/li>\n      <\/ul>\n    <\/div>\n    <div data-colibri-id=\"817-c24\" class=\"style-2209 style-local-817-c24 position-relative h-element\">\n      <!---->\n    <\/div>\n    <div data-colibri-id=\"817-c25\" class=\"h-global-transition-all h-heading style-2185 style-local-817-c25 position-relative h-element\">\n      <!---->\n      <div class=\"h-heading__outer style-2185 style-local-817-c25\">\n        <!---->\n        <!---->\n        <h3 class=\"\">GitLab Instance at RUB<\/h3>\n      <\/div>\n    <\/div>\n    <div data-colibri-id=\"817-c26\" class=\"h-text h-text-component style-2200 style-local-817-c26 position-relative h-element\">\n      <!---->\n      <!---->\n      <div class=\"\">\n        <p>RUB operates a central GitLab instance, available to all employees and students of RUB. <\/p>\n        <p>You can learn how GitLab can be used as a project management tool in the workshop offered as part of the FDM curriculum. <\/p>\n      <\/div>\n    <\/div>\n    <div data-colibri-id=\"817-c27\" class=\"h-x-container style-2201 style-local-817-c27 position-relative h-element\">\n      <!---->\n      <div class=\"h-x-container-inner style-dynamic-817-c27-group style-2201-spacing style-local-817-c27-spacing\"><span class=\"h-button__outer style-4623-outer style-local-817-c28-outer d-inline-flex h-element\"><a h-use-smooth-scroll=\"true\" href=\"https:\/\/researchdata.ruhr-uni-bochum.de\/en\/fdm-curriculum\/\"  data-colibri-id=\"817-c28\" class=\"d-flex w-100 align-items-center h-button justify-content-lg-center justify-content-md-center justify-content-center style-4623 style-local-817-c28 position-relative\"><!----><!----> <span>Training courses<\/span><\/a>\n        <\/span>\n      <\/div>\n    <\/div>\n    <div data-colibri-id=\"817-c29\" class=\"h-text h-text-component style-2200 style-local-817-c29 position-relative h-element\">\n      <!---->\n      <!---->\n      <div class=\"\">\n        <p>For more information, including usage and data protection, please visit our IT.SERVICES website.<\/p>\n      <\/div>\n    <\/div>\n    <div data-colibri-id=\"817-c30\" class=\"h-x-container style-2202 style-local-817-c30 position-relative h-element\">\n      <!---->\n      <div class=\"h-x-container-inner style-dynamic-817-c30-group style-2202-spacing style-local-817-c30-spacing\"><span class=\"h-button__outer style-4623-outer style-local-817-c31-outer d-inline-flex h-element\"><a h-use-smooth-scroll=\"true\" href=\"https:\/\/www.it-services.ruhr-uni-bochum.de\/services\/fowi\/gitlab.html.de\"  data-colibri-id=\"817-c31\" class=\"d-flex w-100 align-items-center h-button justify-content-lg-center justify-content-md-center justify-content-center style-4623 style-local-817-c31 position-relative\"><!----><!----> <span>More<\/span><\/a>\n        <\/span>\n      <\/div>\n    <\/div>\n  <\/div>\n<\/div>\n<\/div>\n<div data-aos=\"fadeInUp\" class=\"h-column h-column-container d-flex h-col-lg-auto h-col-md-auto h-col-auto style-2187-outer style-local-817-c32-outer\">\n  <div data-colibri-id=\"817-c32\" class=\"d-flex h-flex-basis h-column__inner h-px-lg-2 h-px-md-2 h-px-2 v-inner-lg-2 v-inner-md-2 v-inner-2 style-2187 style-local-817-c32 position-relative\">\n    <!---->\n    <!---->\n    <div class=\"w-100 h-y-container h-column__content h-column__v-align flex-basis-100 align-self-lg-start align-self-md-start align-self-start\">\n      <!---->\n      <div data-colibri-id=\"817-c33\" class=\"h-row-container gutters-row-lg-0 gutters-row-md-0 gutters-row-0 gutters-row-v-lg-0 gutters-row-v-md-0 gutters-row-v-0 style-2188 style-local-817-c33 position-relative\">\n        <!---->\n        <div class=\"h-row justify-content-lg-center justify-content-md-center justify-content-center align-items-lg-stretch align-items-md-stretch align-items-stretch gutters-col-lg-0 gutters-col-md-0 gutters-col-0 gutters-col-v-lg-0 gutters-col-v-md-0 gutters-col-v-0\">\n          <!---->\n          <div class=\"h-column h-column-container d-flex h-col-lg-auto h-col-md-auto h-col-auto style-2189-outer style-local-817-c34-outer\">\n            <div data-colibri-id=\"817-c34\" class=\"d-flex h-flex-basis h-column__inner h-px-lg-3 h-px-md-3 h-px-3 v-inner-lg-3 v-inner-md-3 v-inner-3 style-2189 style-local-817-c34 position-relative\">\n              <!---->\n              <!---->\n              <div class=\"w-100 h-y-container h-column__content h-column__v-align flex-basis-100 align-self-lg-center align-self-md-center align-self-center\">\n                <!---->\n                <div data-colibri-id=\"817-c35\" class=\"h-icon style-2190 style-local-817-c35 position-relative h-element\">\n                  <!----><span class=\"h-svg-icon h-icon__icon style-2190-icon style-local-817-c35-icon\"><!--Icon by Simple Line Icons (https:\/\/github.com\/thesabbir\/simple-line-icons)--><svg version=\"1.1\" xmlns=\"http:\/\/www.w3.org\/2000\/svg\" xmlns:xlink=\"http:\/\/www.w3.org\/1999\/xlink\" id=\"login\" viewbox=\"0 0 512.168 514.032\"><path d=\"M266.344 331.72c-6.256 6.248-6.256 16.376 0 22.624 3.128 3.128 7.216 4.688 11.312 4.688s8.184-1.56 11.312-4.688l94.504-97-94.504-97.008c-6.248-6.248-16.376-6.248-22.624 0-6.256 6.248-6.256 16.376 0 22.624l57.872 57.88H16c-8.84 0-16 7.168-16 16s7.16 16 16 16h309.224l-58.88 58.88zM480.16 1.016h-288c-17.68 0-32.008 14.328-32.008 32v144h32.216V52.528c0-10.688 8.672-19.36 19.36-19.36H460.08c10.704 0 19.36 8.672 19.36 19.36l.504 409.144c0 10.688-8.656 19.36-19.36 19.36H211.736c-10.688 0-19.36-8.672-19.36-19.36V336.488l-32.216.04v144.488c0 17.672 14.328 32 32.008 32h288c17.672 0 32-14.328 32-32v-448c-.008-17.672-14.336-32-32.008-32z\"><\/path><\/svg><\/span><\/div>\n                <div\n                  data-colibri-id=\"817-c36\" class=\"h-global-transition-all h-heading style-2191 style-local-817-c36 position-relative h-element\">\n                  <!---->\n                  <div class=\"h-heading__outer style-2191 style-local-817-c36\">\n                    <!---->\n                    <!---->\n                    <h3 class=\"\">Login<\/h3>\n                  <\/div>\n              <\/div>\n              <div data-colibri-id=\"817-c37\" class=\"h-text h-text-component style-2192 style-local-817-c37 position-relative h-element\">\n                <!---->\n                <!---->\n                <div class=\"\">\n                  <p>You can access GitLab with your RUB-LoginID and the corresponding password.<\/p>\n                <\/div>\n              <\/div>\n              <div data-colibri-id=\"817-c38\" class=\"h-x-container style-2193 style-local-817-c38 position-relative h-element\">\n                <!---->\n                <div class=\"h-x-container-inner style-dynamic-817-c38-group style-2193-spacing style-local-817-c38-spacing\"><span class=\"h-button__outer style-4623-outer style-local-817-c39-outer d-inline-flex h-element\"><a h-use-smooth-scroll=\"true\" href=\"https:\/\/gitlab.ruhr-uni-bochum.de\/users\/sign_in\"  data-colibri-id=\"817-c39\" class=\"d-flex w-100 align-items-center h-button justify-content-lg-center justify-content-md-center justify-content-center style-4623 style-local-817-c39 position-relative\"><!----><!----> <span>Sign in<\/span><\/a>\n                  <\/span>\n                <\/div>\n              <\/div>\n            <\/div>\n          <\/div>\n        <\/div>\n      <\/div>\n    <\/div>\n  <\/div>\n<\/div>\n<\/div>\n<\/div>\n<\/div>\n<\/div>\n<\/div>\n<\/div>","protected":false},"excerpt":{"rendered":"<p>Versionierung mit Gitlab Um einen \u00dcberblick \u00fcber die Bearbeitungsstadien von Forschungsdaten, aber auch Codes und Skripte zu behalten, eignet sich die Software GitLab f\u00fcr Versionierung.&nbsp; GitLab &#8230;kann jede \u00c4nderung an den versionierten Dateien protokollieren und so nachvollziehbar machen. &#8230;kann die gesamte Historie der \u00c4nderungen durchsuchen und jeden fr\u00fcheren Zustand wiederhergestellen. &#8230;eignet sich vor allem f\u00fcr [&hellip;]<\/p>\n","protected":false},"author":8,"featured_media":823,"parent":0,"menu_order":0,"comment_status":"closed","ping_status":"closed","template":"page-templates\/full-width-page.php","meta":{"footnotes":""},"class_list":["post-817","page","type-page","status-publish","has-post-thumbnail","hentry"],"_links":{"self":[{"href":"https:\/\/researchdata.ruhr-uni-bochum.de\/en\/wp-json\/wp\/v2\/pages\/817","targetHints":{"allow":["GET"]}}],"collection":[{"href":"https:\/\/researchdata.ruhr-uni-bochum.de\/en\/wp-json\/wp\/v2\/pages"}],"about":[{"href":"https:\/\/researchdata.ruhr-uni-bochum.de\/en\/wp-json\/wp\/v2\/types\/page"}],"author":[{"embeddable":true,"href":"https:\/\/researchdata.ruhr-uni-bochum.de\/en\/wp-json\/wp\/v2\/users\/8"}],"replies":[{"embeddable":true,"href":"https:\/\/researchdata.ruhr-uni-bochum.de\/en\/wp-json\/wp\/v2\/comments?post=817"}],"version-history":[{"count":13,"href":"https:\/\/researchdata.ruhr-uni-bochum.de\/en\/wp-json\/wp\/v2\/pages\/817\/revisions"}],"predecessor-version":[{"id":7115,"href":"https:\/\/researchdata.ruhr-uni-bochum.de\/en\/wp-json\/wp\/v2\/pages\/817\/revisions\/7115"}],"wp:featuredmedia":[{"embeddable":true,"href":"https:\/\/researchdata.ruhr-uni-bochum.de\/en\/wp-json\/wp\/v2\/media\/823"}],"wp:attachment":[{"href":"https:\/\/researchdata.ruhr-uni-bochum.de\/en\/wp-json\/wp\/v2\/media?parent=817"}],"curies":[{"name":"wp","href":"https:\/\/api.w.org\/{rel}","templated":true}]}}